{"id":49,"date":"2026-04-30T23:30:49","date_gmt":"2026-04-30T19:30:49","guid":{"rendered":"https:\/\/store.celebizade.info\/?page_id=49"},"modified":"2026-04-30T23:32:14","modified_gmt":"2026-04-30T19:32:14","slug":"privacy-policy-2","status":"publish","type":"page","link":"https:\/\/store.celebizade.info\/?page_id=49","title":{"rendered":"M\u0259xfilik siyas\u0259ti"},"content":{"rendered":"\n<h3 class=\"wp-block-heading\"><strong>M\u0259xfilik Siyas\u0259ti<\/strong><\/h3>\n\n\n\n<h4 class=\"wp-block-heading\"><strong>Biz kimik<\/strong><\/h4>\n\n\n\n<p>Vebsayt \u00fcnvan\u0131m\u0131z: <strong><a target=\"_blank\" rel=\"noreferrer noopener\" href=\"https:\/\/store.celebizade.info\">https:\/\/store.celebizade.info<\/a><\/strong>.<\/p>\n\n\n\n<h4 class=\"wp-block-heading\"><strong>\u015e\u0259rhl\u0259r<\/strong><\/h4>\n\n\n\n<p>Ziyar\u0259t\u00e7il\u0259r saytda \u015f\u0259rh yazd\u0131qda, biz \u015f\u0259rh formas\u0131nda g\u00f6st\u0259ril\u0259n m\u0259lumatlar\u0131, h\u0259m\u00e7inin spam\u0131n qar\u015f\u0131s\u0131n\u0131 alma\u011fa k\u00f6m\u0259k m\u0259qs\u0259dil\u0259 ziyar\u0259t\u00e7inin IP \u00fcnvan\u0131n\u0131 v\u0259 brauzer m\u0259lumatlar\u0131n\u0131 toplay\u0131r\u0131q.<\/p>\n\n\n\n<p>E-po\u00e7t \u00fcnvan\u0131n\u0131zdan yarad\u0131lm\u0131\u015f anoniml\u0259\u015fdirilmi\u015f s\u0259tir (hash) Gravatar xidm\u0259tin\u0259, ondan istifad\u0259 edib-etm\u0259diyinizi yoxlamaq \u00fc\u00e7\u00fcn t\u0259qdim edil\u0259 bil\u0259r. Gravatar xidm\u0259tinin m\u0259xfilik siyas\u0259ti il\u0259 buradan tan\u0131\u015f ola bil\u0259rsiniz: <a href=\"https:\/\/automattic.com\/privacy\/\" target=\"_blank\" rel=\"noreferrer noopener\">https:\/\/<strong><a href=\"https:\/\/store.celebizade.info\" target=\"_blank\" rel=\"noreferrer noopener\">store.celebizade.info<\/a><\/strong>\/<\/a><a href=\"https:\/\/store.celebizade.info\/privacy\/\" target=\"_blank\" rel=\"noreferrer noopener\">privacy<\/a><a href=\"https:\/\/automattic.com\/privacy\/\" target=\"_blank\" rel=\"noreferrer noopener\">\/<\/a>. \u015e\u0259rhiniz t\u0259sdiql\u0259ndikd\u0259n sonra profil \u015f\u0259kliniz \u015f\u0259rhinizl\u0259 birlikd\u0259 h\u0259r k\u0259s\u0259 g\u00f6r\u00fcn\u00fcr.<\/p>\n\n\n\n<h4 class=\"wp-block-heading\"><strong>Media<\/strong><\/h4>\n\n\n\n<p>Vebsayta \u015f\u0259kil y\u00fckl\u0259y\u0259rk\u0259n, daxilind\u0259 yerl\u0259\u015fm\u0259 m\u0259lumatlar\u0131 (EXIF GPS) olan \u015f\u0259kill\u0259ri y\u00fckl\u0259m\u0259kd\u0259n \u00e7\u0259kinm\u0259lisiniz. Sayt\u0131n ziyar\u0259t\u00e7il\u0259ri bu \u015f\u0259kill\u0259ri endir\u0259 v\u0259 onlardan yerl\u0259\u015fm\u0259 m\u0259lumatlar\u0131n\u0131 \u0259ld\u0259 ed\u0259 bil\u0259rl\u0259r.<\/p>\n\n\n\n<h4 class=\"wp-block-heading\"><strong>Kukil\u0259r (Cookies)<\/strong><\/h4>\n\n\n\n<p>Sayt\u0131m\u0131zda \u015f\u0259rh yazsan\u0131z, ad\u0131n\u0131z\u0131n, e-po\u00e7t \u00fcnvan\u0131n\u0131z\u0131n v\u0259 vebsayt\u0131n\u0131z\u0131n kukil\u0259rd\u0259 yadda saxlan\u0131lmas\u0131n\u0131 se\u00e7\u0259 bil\u0259rsiniz. Bu, n\u00f6vb\u0259ti d\u0259f\u0259 \u015f\u0259rh yazark\u0259n m\u0259lumatlar\u0131n\u0131z\u0131 yenid\u0259n doldurmama\u011f\u0131n\u0131z \u00fc\u00e7\u00fcn rahatl\u0131q m\u0259qs\u0259di da\u015f\u0131y\u0131r. Bu kukil\u0259r bir il m\u00fcdd\u0259tind\u0259 qal\u0131r.<\/p>\n\n\n\n<p>Giri\u015f s\u0259hif\u0259miz\u0259 daxil olduqda, brauzerinizin kukil\u0259ri q\u0259bul edib-etm\u0259diyini m\u00fc\u0259yy\u0259n etm\u0259k \u00fc\u00e7\u00fcn m\u00fcv\u0259qq\u0259ti kuki t\u0259yin ed\u0259c\u0259yik. Bu kuki he\u00e7 bir f\u0259rdi m\u0259lumat ehtiva etmir v\u0259 brauzerinizi ba\u011flad\u0131qda silinir.<\/p>\n\n\n\n<p>Sistem\u0259 daxil olduqda, giri\u015f m\u0259lumatlar\u0131n\u0131z\u0131 v\u0259 ekran se\u00e7iml\u0259rinizi yadda saxlamaq \u00fc\u00e7\u00fcn bir ne\u00e7\u0259 kuki t\u0259yin edil\u0259c\u0259k. Giri\u015f kukil\u0259ri iki g\u00fcn, ekran se\u00e7imi kukil\u0259ri is\u0259 bir il m\u00fcdd\u0259tind\u0259 qal\u0131r. &#8220;M\u0259ni xat\u0131rla&#8221; se\u00e7imini ets\u0259niz, giri\u015finiz iki h\u0259ft\u0259 \u0259rzind\u0259 saxlan\u0131lacaq. Hesab\u0131n\u0131zdan \u00e7\u0131xd\u0131\u011f\u0131n\u0131z zaman giri\u015f kukil\u0259ri silin\u0259c\u0259k.<\/p>\n\n\n\n<p>Bir m\u0259qal\u0259ni redakt\u0259 etdikd\u0259 v\u0259 ya d\u0259rc etdikd\u0259 brauzerinizd\u0259 \u0259lav\u0259 kuki saxlan\u0131lacaq. Bu kuki f\u0259rdi m\u0259lumat ehtiva etmir v\u0259 sad\u0259c\u0259 redakt\u0259 etdiyiniz m\u0259qal\u0259nin ID n\u00f6mr\u0259sini g\u00f6st\u0259rir. 1 g\u00fcn sonra vaxt\u0131 bitir.<\/p>\n\n\n\n<h4 class=\"wp-block-heading\"><strong>Dig\u0259r vebsaytlardan yerl\u0259\u015fdirilmi\u015f m\u0259zmun<\/strong><\/h4>\n\n\n\n<p>Bu saytdak\u0131 m\u0259qal\u0259l\u0259r dig\u0259r saytlardan yerl\u0259\u015fdirilmi\u015f m\u0259zmunu (m\u0259s\u0259l\u0259n, videolar, \u015f\u0259kill\u0259r, m\u0259qal\u0259l\u0259r v\u0259 s.) ehtiva ed\u0259 bil\u0259r. Dig\u0259r vebsaytlardan yerl\u0259\u015fdirilmi\u015f m\u0259zmun, ziyar\u0259t\u00e7inin h\u0259min sayt\u0131 birba\u015fa ziyar\u0259t etm\u0259si il\u0259 eyni \u015f\u0259kild\u0259 davran\u0131r.<\/p>\n\n\n\n<p>Bu vebsaytlar sizin haqq\u0131n\u0131zda m\u0259lumat toplaya, kukil\u0259rd\u0259n istifad\u0259 ed\u0259, \u00fc\u00e7\u00fcnc\u00fc t\u0259r\u0259fin izl\u0259m\u0259 sisteml\u0259rini yerl\u0259\u015fdir\u0259 v\u0259 h\u0259min m\u0259zmunla qar\u015f\u0131l\u0131ql\u0131 \u0259laq\u0259nizi izl\u0259y\u0259 bil\u0259r (x\u00fcsus\u0259n d\u0259 h\u0259min saytda hesab\u0131n\u0131z varsa v\u0259 daxil olmusunuzsa).<\/p>\n\n\n\n<h4 class=\"wp-block-heading\"><strong>M\u0259lumatlar\u0131n\u0131z\u0131 kiml\u0259rl\u0259 b\u00f6l\u00fc\u015f\u00fcr\u00fck<\/strong><\/h4>\n\n\n\n<p>\u015eifr\u0259nin s\u0131f\u0131rlanmas\u0131n\u0131 t\u0259l\u0259b ets\u0259niz, IP \u00fcnvan\u0131n\u0131z s\u0131f\u0131rlama e-po\u00e7tuna daxil edil\u0259c\u0259k.<\/p>\n\n\n\n<h4 class=\"wp-block-heading\"><strong>M\u0259lumatlar\u0131n\u0131z\u0131 n\u0259 q\u0259d\u0259r m\u00fcdd\u0259t saxlay\u0131r\u0131q<\/strong><\/h4>\n\n\n\n<p>Bir \u015f\u0259rh yazsan\u0131z, \u015f\u0259rh v\u0259 onun metam\u0259lumatlar\u0131 qeyri-m\u00fc\u0259yy\u0259n m\u00fcdd\u0259t\u0259 saxlan\u0131l\u0131r. Bu, n\u00f6vb\u0259ti \u015f\u0259rhl\u0259rinizi moderator n\u00f6vb\u0259sind\u0259 saxlamaq \u0259v\u0259zin\u0259, onlar\u0131 avtomatik olaraq tan\u0131ma\u011f\u0131m\u0131z v\u0259 t\u0259sdiql\u0259m\u0259yimiz \u00fc\u00e7\u00fcnd\u00fcr.<\/p>\n\n\n\n<p>Sayt\u0131m\u0131zda qeydiyyatdan ke\u00e7\u0259n istifad\u0259\u00e7il\u0259rin (\u0259g\u0259r varsa) t\u0259qdim etdikl\u0259ri f\u0259rdi m\u0259lumatlar onlar\u0131n istifad\u0259\u00e7i profilind\u0259 saxlan\u0131l\u0131r. B\u00fct\u00fcn istifad\u0259\u00e7il\u0259r \u00f6z f\u0259rdi m\u0259lumatlar\u0131n\u0131 ist\u0259nil\u0259n vaxt g\u00f6r\u0259 bil\u0259r, redakt\u0259 ed\u0259 v\u0259 ya sil\u0259 bil\u0259rl\u0259r (istifad\u0259\u00e7i ad\u0131n\u0131 d\u0259yi\u015fm\u0259k istisna olmaqla). Vebsayt administratorlar\u0131 da bu m\u0259lumatlar\u0131 g\u00f6r\u0259 v\u0259 redakt\u0259 ed\u0259 bil\u0259rl\u0259r.<\/p>\n\n\n\n<h4 class=\"wp-block-heading\"><strong>M\u0259lumatlar\u0131n\u0131z \u00fcz\u0259rind\u0259 hans\u0131 h\u00fcquqlar\u0131n\u0131z var<\/strong><\/h4>\n\n\n\n<p>Bu saytda hesab\u0131n\u0131z varsa v\u0259 ya \u015f\u0259rhl\u0259r yazm\u0131s\u0131n\u0131zsa, biz\u0259 t\u0259qdim etdiyiniz m\u0259lumatlar da daxil olmaqla, haqq\u0131n\u0131zda saxlad\u0131\u011f\u0131m\u0131z f\u0259rdi m\u0259lumatlar\u0131n ixrac edilmi\u015f fayl\u0131n\u0131 alma\u011f\u0131 t\u0259l\u0259b ed\u0259 bil\u0259rsiniz. H\u0259m\u00e7inin, haqq\u0131n\u0131zda saxlad\u0131\u011f\u0131m\u0131z b\u00fct\u00fcn f\u0259rdi m\u0259lumatlar\u0131n silinm\u0259sini t\u0259l\u0259b ed\u0259 bil\u0259rsiniz. Buraya inzibati, h\u00fcquqi v\u0259 ya t\u0259hl\u00fck\u0259sizlik m\u0259qs\u0259dl\u0259ri \u00fc\u00e7\u00fcn saxlama\u011fa borclu oldu\u011fumuz m\u0259lumatlar daxil deyil.<\/p>\n\n\n\n<h4 class=\"wp-block-heading\"><strong>M\u0259lumatlar\u0131n\u0131z hara g\u00f6nd\u0259rilir<\/strong><\/h4>\n\n\n\n<p>Ziyar\u0259t\u00e7i \u015f\u0259rhl\u0259ri avtomatla\u015fd\u0131r\u0131lm\u0131\u015f spam a\u015fkarlama xidm\u0259ti vasit\u0259sil\u0259 yoxlan\u0131la bil\u0259r.<\/p>\n","protected":false},"excerpt":{"rendered":"<p>M\u0259xfilik Siyas\u0259ti Biz kimik Vebsayt \u00fcnvan\u0131m\u0131z: https:\/\/store.celebizade.info. \u015e\u0259rhl\u0259r Ziyar\u0259t\u00e7il\u0259r saytda \u015f\u0259rh yazd\u0131qda, biz \u015f\u0259rh formas\u0131nda g\u00f6st\u0259ril\u0259n m\u0259lumatlar\u0131, h\u0259m\u00e7inin spam\u0131n qar\u015f\u0131s\u0131n\u0131 [&hellip;]<\/p>\n","protected":false},"author":1,"featured_media":0,"parent":0,"menu_order":0,"comment_status":"closed","ping_status":"closed","template":"","meta":{"site-sidebar-layout":"default","site-content-layout":"","ast-site-content-layout":"default","site-content-style":"default","site-sidebar-style":"default","ast-global-header-display":"","ast-banner-title-visibility":"","ast-main-header-display":"","ast-hfb-above-header-display":"","ast-hfb-below-header-display":"","ast-hfb-mobile-header-display":"","site-post-title":"","ast-breadcrumbs-content":"","ast-featured-img":"","footer-sml-layout":"","ast-disable-related-posts":"","theme-transparent-header-meta":"","adv-header-id-meta":"","stick-header-meta":"","header-above-stick-meta":"","header-main-stick-meta":"","header-below-stick-meta":"","astra-migrate-meta-layouts":"default","ast-page-background-enabled":"default","ast-page-background-meta":{"desktop":{"background-color":"var(--ast-global-color-5)","background-image":"","background-repeat":"repeat","background-position":"center center","background-size":"auto","background-attachment":"scroll","background-type":"","background-media":"","overlay-type":"","overlay-color":"","overlay-opacity":"","overlay-gradient":""},"tablet":{"background-color":"","background-image":"","background-repeat":"repeat","background-position":"center center","background-size":"auto","background-attachment":"scroll","background-type":"","background-media":"","overlay-type":"","overlay-color":"","overlay-opacity":"","overlay-gradient":""},"mobile":{"background-color":"","background-image":"","background-repeat":"repeat","background-position":"center center","background-size":"auto","background-attachment":"scroll","background-type":"","background-media":"","overlay-type":"","overlay-color":"","overlay-opacity":"","overlay-gradient":""}},"ast-content-background-meta":{"desktop":{"background-color":"var(--ast-global-color-4)","background-image":"","background-repeat":"repeat","background-position":"center center","background-size":"auto","background-attachment":"scroll","background-type":"","background-media":"","overlay-type":"","overlay-color":"","overlay-opacity":"","overlay-gradient":""},"tablet":{"background-color":"var(--ast-global-color-4)","background-image":"","background-repeat":"repeat","background-position":"center center","background-size":"auto","background-attachment":"scroll","background-type":"","background-media":"","overlay-type":"","overlay-color":"","overlay-opacity":"","overlay-gradient":""},"mobile":{"background-color":"var(--ast-global-color-4)","background-image":"","background-repeat":"repeat","background-position":"center center","background-size":"auto","background-attachment":"scroll","background-type":"","background-media":"","overlay-type":"","overlay-color":"","overlay-opacity":"","overlay-gradient":""}},"footnotes":""},"class_list":["post-49","page","type-page","status-publish","hentry"],"_links":{"self":[{"href":"https:\/\/store.celebizade.info\/index.php?rest_route=\/wp\/v2\/pages\/49","targetHints":{"allow":["GET"]}}],"collection":[{"href":"https:\/\/store.celebizade.info\/index.php?rest_route=\/wp\/v2\/pages"}],"about":[{"href":"https:\/\/store.celebizade.info\/index.php?rest_route=\/wp\/v2\/types\/page"}],"author":[{"embeddable":true,"href":"https:\/\/store.celebizade.info\/index.php?rest_route=\/wp\/v2\/users\/1"}],"replies":[{"embeddable":true,"href":"https:\/\/store.celebizade.info\/index.php?rest_route=%2Fwp%2Fv2%2Fcomments&post=49"}],"version-history":[{"count":2,"href":"https:\/\/store.celebizade.info\/index.php?rest_route=\/wp\/v2\/pages\/49\/revisions"}],"predecessor-version":[{"id":52,"href":"https:\/\/store.celebizade.info\/index.php?rest_route=\/wp\/v2\/pages\/49\/revisions\/52"}],"wp:attachment":[{"href":"https:\/\/store.celebizade.info\/index.php?rest_route=%2Fwp%2Fv2%2Fmedia&parent=49"}],"curies":[{"name":"wp","href":"https:\/\/api.w.org\/{rel}","templated":true}]}}