{"id":9,"date":"2026-05-01T02:54:13","date_gmt":"2026-04-30T22:54:13","guid":{"rendered":"http:\/\/store.celebizade.info\/?page_id=9"},"modified":"2026-05-01T02:56:44","modified_gmt":"2026-04-30T22:56:44","slug":"refund_returns","status":"publish","type":"page","link":"https:\/\/store.celebizade.info\/?page_id=9","title":{"rendered":"Geri Qaytar\u0131lma v\u0259 D\u0259yi\u015fdirilm\u0259 Qaydalar\u0131"},"content":{"rendered":"\n<p><strong>Geri Qaytar\u0131lma v\u0259 D\u0259yi\u015fdirilm\u0259 Qaydalar\u0131<\/strong><\/p>\n\n\n\n<p><br>\u00dcmumi Bax\u0131\u015f<br>Geri qaytarma v\u0259 d\u0259yi\u015fdirm\u0259 siyas\u0259timiz 30 g\u00fcn q\u00fcvv\u0259d\u0259dir. \u018fg\u0259r al\u0131\u015f-veri\u015finizd\u0259n 30 g\u00fcn ke\u00e7ibs\u0259, t\u0259\u0259ss\u00fcf ki, biz siz\u0259 tam geri qaytar\u0131lma v\u0259 ya d\u0259yi\u015fdirilm\u0259 t\u0259klif ed\u0259 bilm\u0259rik.<\/p>\n\n\n\n<p>M\u0259hsulun qaytar\u0131lmas\u0131 \u00fc\u00e7\u00fcn o, istifad\u0259 olunmam\u0131\u015f v\u0259 ald\u0131\u011f\u0131n\u0131z v\u0259ziyy\u0259td\u0259 olmal\u0131d\u0131r. H\u0259m\u00e7inin m\u0259hsul orijinal qabla\u015fd\u0131rmas\u0131nda olmal\u0131d\u0131r.<\/p>\n\n\n\n<p>Qaytar\u0131lmas\u0131 m\u00fcmk\u00fcn olmayan b\u0259zi mal n\u00f6vl\u0259ri:<\/p>\n\n\n\n<p>Tez xarab olan mallar (qida, g\u00fcll\u0259r, q\u0259zet v\u0259 ya jurnallar).<\/p>\n\n\n\n<p>\u015e\u0259xsi gigiyena v\u0259 sanitariya m\u0259hsullar\u0131.<\/p>\n\n\n\n<p>T\u0259hl\u00fck\u0259li materiallar, tezal\u0131\u015fan mayel\u0259r v\u0259 ya qazlar.<\/p>\n\n\n\n<p>H\u0259diyy\u0259 kartlar\u0131.<\/p>\n\n\n\n<p>Y\u00fckl\u0259n\u0259 bil\u0259n proqram t\u0259minat\u0131 m\u0259hsullar\u0131.<\/p>\n\n\n\n<p>B\u0259zi sa\u011flaml\u0131q v\u0259 \u015f\u0259xsi qulluq \u0259\u015fyalar\u0131.<\/p>\n\n\n\n<p>Qaytar\u0131lman\u0131 tamamlamaq \u00fc\u00e7\u00fcn q\u0259bz v\u0259 ya al\u0131\u015f s\u0259n\u0259di t\u0259l\u0259b olunur. Xahi\u015f edirik, m\u0259hsulu istehsal\u00e7\u0131ya geri g\u00f6nd\u0259rm\u0259yin.<\/p>\n\n\n\n<p>Yaln\u0131z qism\u0259n geri qaytar\u0131lma t\u0259tbiq olunan hallar:<\/p>\n\n\n\n<p>A\u015fkar istifad\u0259 izl\u0259ri olan kitablar.<\/p>\n\n\n\n<p>A\u00e7\u0131lm\u0131\u015f CD, DVD, proqram t\u0259minat\u0131, video oyun v\u0259 ya kasetl\u0259r.<\/p>\n\n\n\n<p>Orijinal v\u0259ziyy\u0259tind\u0259 olmayan, z\u0259d\u0259l\u0259nmi\u015f v\u0259 ya bizim s\u0259hvimiz olmayan s\u0259b\u0259bl\u0259rd\u0259n hiss\u0259l\u0259ri \u00e7at\u0131\u015fmayan h\u0259r hans\u0131 bir mal.<\/p>\n\n\n\n<p>\u00c7atd\u0131r\u0131ld\u0131qdan 30 g\u00fcnd\u0259n \u00e7ox m\u00fcdd\u0259t ke\u00e7dikd\u0259n sonra qaytar\u0131lan h\u0259r hans\u0131 bir m\u0259hsul.<\/p>\n\n\n\n<p>Geri \u00d6d\u0259ni\u015fl\u0259r (Refunds)<br>Qaytar\u0131lan m\u0259hsul t\u0259r\u0259fimizd\u0259n q\u0259bul edilib yoxlan\u0131ld\u0131qdan sonra, siz\u0259 m\u0259hsulun al\u0131nd\u0131\u011f\u0131na dair e-po\u00e7t g\u00f6nd\u0259ril\u0259c\u0259k. H\u0259m\u00e7inin geri \u00f6d\u0259ni\u015fin t\u0259sdiq v\u0259 ya r\u0259dd edilm\u0259si bar\u0259d\u0259 siz\u0259 m\u0259lumat veril\u0259c\u0259k.<br>T\u0259sdiq edildiyi t\u0259qdird\u0259, geri \u00f6d\u0259ni\u015f emal olunacaq v\u0259 m\u00fc\u0259yy\u0259n g\u00fcn \u0259rzind\u0259 m\u0259bl\u0259\u011f avtomatik olaraq kredit kart\u0131n\u0131za v\u0259 ya ilkin \u00f6d\u0259ni\u015f \u00fcsulunuza qaytar\u0131lacaq.<\/p>\n\n\n\n<p>Gecik\u0259n v\u0259 ya \u00e7atmayan geri \u00f6d\u0259ni\u015fl\u0259r:<\/p>\n\n\n\n<p>H\u0259l\u0259 d\u0259 \u00f6d\u0259ni\u015f almam\u0131s\u0131n\u0131zsa, \u0259vv\u0259lc\u0259 bank hesab\u0131n\u0131z\u0131 yenid\u0259n yoxlay\u0131n.<\/p>\n\n\n\n<p>Bank\u0131n\u0131zla v\u0259 ya kredit kart\u0131 \u015firk\u0259tinizl\u0259 \u0259laq\u0259 saxlay\u0131n; \u00f6d\u0259ni\u015fin r\u0259smi olaraq \u0259ks olunmas\u0131 bir az vaxt apara bil\u0259r.<\/p>\n\n\n\n<p>B\u00fct\u00fcn bunlar\u0131 etmisinizs\u0259 v\u0259 h\u0259l\u0259 d\u0259 geri \u00f6d\u0259ni\u015f almam\u0131s\u0131n\u0131zsa, biziml\u0259 site@celebizade.info \u00fcnvan\u0131 vasit\u0259sil\u0259 \u0259laq\u0259 saxlay\u0131n.<\/p>\n\n\n\n<p>Endirimli m\u0259hsullar:<br>Yaln\u0131z normal qiym\u0259t\u0259 olan m\u0259hsullar geri qaytar\u0131la bil\u0259r. Endirimd\u0259 olan (sale) m\u0259hsullar\u0131n geri qaytar\u0131lmas\u0131 m\u00fcmk\u00fcn deyil.<\/p>\n\n\n\n<p>D\u0259yi\u015fdirilm\u0259 (Exchanges)<br>Biz m\u0259hsullar\u0131 yaln\u0131z q\u00fcsurlu v\u0259 ya z\u0259d\u0259l\u0259nmi\u015f olduqda d\u0259yi\u015fdiririk.<\/p>\n\n\n\n<p>H\u0259diyy\u0259l\u0259r<br>M\u0259hsul al\u0131nd\u0131qda h\u0259diyy\u0259 kimi qeyd edilibs\u0259 v\u0259 birba\u015fa siz\u0259 g\u00f6nd\u0259rilibs\u0259, qaytar\u0131lan m\u0259hsulun d\u0259y\u0259rind\u0259 h\u0259diyy\u0259 krediti alacaqs\u0131n\u0131z. M\u0259hsul biz\u0259 \u00e7atd\u0131qdan sonra siz\u0259 h\u0259diyy\u0259 sertifikat\u0131 g\u00f6nd\u0259ril\u0259c\u0259k.<br>M\u0259hsul h\u0259diyy\u0259 kimi qeyd edilm\u0259yibs\u0259 v\u0259 ya h\u0259diyy\u0259ni ver\u0259n \u015f\u0259xs sifari\u015fi \u00f6z\u00fcn\u0259 \u00e7atd\u0131r\u0131bsa, geri \u00f6d\u0259ni\u015f h\u0259diyy\u0259ni ver\u0259n \u015f\u0259xs\u0259 edil\u0259c\u0259k.<\/p>\n\n\n\n<p>\u00c7atd\u0131r\u0131lma v\u0259 G\u00f6nd\u0259ri\u015f<br>M\u0259hsulu qaytarmaq \u00fc\u00e7\u00fcn onu bu \u00fcnvana po\u00e7tla g\u00f6nd\u0259rm\u0259lisiniz: Quba, Musabeyov str.<br>M\u0259hsulun qaytar\u0131lmas\u0131 \u00fc\u00e7\u00fcn \u00e7atd\u0131r\u0131lma x\u0259rcl\u0259rini \u00f6z\u00fcn\u00fcz \u00f6d\u0259y\u0259c\u0259ksiniz. \u00c7atd\u0131r\u0131lma x\u0259rcl\u0259ri geri \u00f6d\u0259nilmir. \u018fg\u0259r siz\u0259 geri \u00f6d\u0259ni\u015f edilirs\u0259, qaytar\u0131lma \u00e7atd\u0131r\u0131lma x\u0259rci h\u0259min m\u0259bl\u0259\u011fd\u0259n \u00e7\u0131x\u0131lacaq.<\/p>\n\n\n\n<p>Ya\u015fad\u0131\u011f\u0131n\u0131z yerd\u0259n as\u0131l\u0131 olaraq, d\u0259yi\u015fdiril\u0259n m\u0259hsulun siz\u0259 \u00e7atmas\u0131 m\u00fcdd\u0259ti d\u0259yi\u015f\u0259 bil\u0259r.<br>Bahal\u0131 m\u0259hsullar g\u00f6nd\u0259rirsinizs\u0259, izl\u0259nil\u0259 bil\u0259n \u00e7atd\u0131r\u0131lma xidm\u0259tind\u0259n istifad\u0259 etm\u0259yi v\u0259 ya s\u0131\u011forta alma\u011f\u0131 t\u00f6vsiy\u0259 edirik. M\u0259hsulun biz\u0259 \u00e7ataca\u011f\u0131na z\u0259man\u0259t vermirik.<\/p>\n\n\n\n<p>K\u00f6m\u0259k laz\u0131md\u0131r?<br>Geri qaytar\u0131lma v\u0259 d\u0259yi\u015fdirilm\u0259 il\u0259 ba\u011fl\u0131 suallar\u0131n\u0131z \u00fc\u00e7\u00fcn site@celebizade.info \u00fcnvan\u0131 vasit\u0259sil\u0259 biziml\u0259 \u0259laq\u0259 saxlay\u0131n.<\/p>\n","protected":false},"excerpt":{"rendered":"<p>Geri Qaytar\u0131lma v\u0259 D\u0259yi\u015fdirilm\u0259 Qaydalar\u0131 \u00dcmumi Bax\u0131\u015fGeri qaytarma v\u0259 d\u0259yi\u015fdirm\u0259 siyas\u0259timiz 30 g\u00fcn q\u00fcvv\u0259d\u0259dir. \u018fg\u0259r al\u0131\u015f-veri\u015finizd\u0259n 30 g\u00fcn ke\u00e7ibs\u0259, t\u0259\u0259ss\u00fcf [&hellip;]<\/p>\n","protected":false},"author":1,"featured_media":0,"parent":0,"menu_order":0,"comment_status":"closed","ping_status":"closed","template":"","meta":{"site-sidebar-layout":"default","site-content-layout":"","ast-site-content-layout":"default","site-content-style":"default","site-sidebar-style":"default","ast-global-header-display":"","ast-banner-title-visibility":"","ast-main-header-display":"","ast-hfb-above-header-display":"","ast-hfb-below-header-display":"","ast-hfb-mobile-header-display":"","site-post-title":"","ast-breadcrumbs-content":"","ast-featured-img":"","footer-sml-layout":"","ast-disable-related-posts":"","theme-transparent-header-meta":"","adv-header-id-meta":"","stick-header-meta":"","header-above-stick-meta":"","header-main-stick-meta":"","header-below-stick-meta":"","astra-migrate-meta-layouts":"default","ast-page-background-enabled":"default","ast-page-background-meta":{"desktop":{"background-color":"var(--ast-global-color-5)","background-image":"","background-repeat":"repeat","background-position":"center center","background-size":"auto","background-attachment":"scroll","background-type":"","background-media":"","overlay-type":"","overlay-color":"","overlay-opacity":"","overlay-gradient":""},"tablet":{"background-color":"","background-image":"","background-repeat":"repeat","background-position":"center center","background-size":"auto","background-attachment":"scroll","background-type":"","background-media":"","overlay-type":"","overlay-color":"","overlay-opacity":"","overlay-gradient":""},"mobile":{"background-color":"","background-image":"","background-repeat":"repeat","background-position":"center center","background-size":"auto","background-attachment":"scroll","background-type":"","background-media":"","overlay-type":"","overlay-color":"","overlay-opacity":"","overlay-gradient":""}},"ast-content-background-meta":{"desktop":{"background-color":"var(--ast-global-color-4)","background-image":"","background-repeat":"repeat","background-position":"center center","background-size":"auto","background-attachment":"scroll","background-type":"","background-media":"","overlay-type":"","overlay-color":"","overlay-opacity":"","overlay-gradient":""},"tablet":{"background-color":"var(--ast-global-color-4)","background-image":"","background-repeat":"repeat","background-position":"center center","background-size":"auto","background-attachment":"scroll","background-type":"","background-media":"","overlay-type":"","overlay-color":"","overlay-opacity":"","overlay-gradient":""},"mobile":{"background-color":"var(--ast-global-color-4)","background-image":"","background-repeat":"repeat","background-position":"center center","background-size":"auto","background-attachment":"scroll","background-type":"","background-media":"","overlay-type":"","overlay-color":"","overlay-opacity":"","overlay-gradient":""}},"footnotes":""},"class_list":["post-9","page","type-page","status-publish","hentry"],"_links":{"self":[{"href":"https:\/\/store.celebizade.info\/index.php?rest_route=\/wp\/v2\/pages\/9","targetHints":{"allow":["GET"]}}],"collection":[{"href":"https:\/\/store.celebizade.info\/index.php?rest_route=\/wp\/v2\/pages"}],"about":[{"href":"https:\/\/store.celebizade.info\/index.php?rest_route=\/wp\/v2\/types\/page"}],"author":[{"embeddable":true,"href":"https:\/\/store.celebizade.info\/index.php?rest_route=\/wp\/v2\/users\/1"}],"replies":[{"embeddable":true,"href":"https:\/\/store.celebizade.info\/index.php?rest_route=%2Fwp%2Fv2%2Fcomments&post=9"}],"version-history":[{"count":2,"href":"https:\/\/store.celebizade.info\/index.php?rest_route=\/wp\/v2\/pages\/9\/revisions"}],"predecessor-version":[{"id":72,"href":"https:\/\/store.celebizade.info\/index.php?rest_route=\/wp\/v2\/pages\/9\/revisions\/72"}],"wp:attachment":[{"href":"https:\/\/store.celebizade.info\/index.php?rest_route=%2Fwp%2Fv2%2Fmedia&parent=9"}],"curies":[{"name":"wp","href":"https:\/\/api.w.org\/{rel}","templated":true}]}}